{"id":29,"date":"2018-07-04T14:24:23","date_gmt":"2018-07-04T12:24:23","guid":{"rendered":"http:\/\/careproduction.fr\/?page_id=29"},"modified":"2019-04-09T17:19:43","modified_gmt":"2019-04-09T15:19:43","slug":"lentreprise","status":"publish","type":"page","link":"https:\/\/careproduction.fr\/index.php\/lentreprise\/","title":{"rendered":"L&#8217;Entreprise"},"content":{"rendered":"<div  data-label=\"About\" data-id=\"about--1\" data-export-id=\"about-5\" data-category=\"about\" class=\"about-5 content-section content-section-spacing-large content-relative\" id=\"about-1\" style=\"background-color: rgb(63, 70, 76); background-image: none;\"><div  class=\"gridContainer\"> <div  class=\"row middle-sm text-center\"><div  class=\"col-sm-6 space-bottom-xs\" data-type=\"column\">  <h2  class=\"\"><span  style=\"color: rgb(255, 255, 255);\">QUI SOMMES NOUS ?<\/span><\/h2> <p  class=\"\" style=\"text-align: left;\"><span  style=\"color: rgb(255, 255, 255);\">St\u00e9phane CASTALDI, Laurent BOULIVET et Nicolas RIVALLAND participent depuis plus d\u2019une dizaine d\u2019ann\u00e9es aux<\/span><span  style=\"color: rgb(255, 255, 255);\">&nbsp;activit\u00e9s de<\/span><span  style=\"color: rgb(255, 255, 255);\">&nbsp;production industrielle pour le compte des&nbsp;<span  style=\"color: rgb(239, 123, 21);\">Chantiers de l&#8217;Atlantique&nbsp;<\/span>r\u00e9alisant des navires<\/span><span  data-mce-style=\"color: #ffffff;\">&nbsp;<\/span><span  style=\"color: rgb(255, 255, 255);\">de croisi\u00e8re.<\/span><span  style=\"color: rgb(255, 255, 255);\"><br ><br >Suite \u00e0 la volont\u00e9 d\u2019un groupe d\u2019ing\u00e9nierie de se s\u00e9parer de son activit\u00e9 navale, ces trois associ\u00e9s<\/span><span  data-mce-style=\"color: #ffffff;\">&nbsp;<\/span><span  style=\"color: rgb(255, 255, 255);\">ont d\u00e9cid\u00e9 de reprendre cette activit\u00e9 avec l\u2019ensemble de son personnel.<\/span><span  data-mce-style=\"color: #ffffff;\">&nbsp;<\/span><span  style=\"color: rgb(255, 255, 255);\">Ainsi, depuis <span  style=\"color: rgb(239, 123, 21);\">juillet 2017<\/span>, nous sommes une \u00e9quipe d\u2019une vingtaine de personnes se<\/span><span  data-mce-style=\"color: #ffffff;\">&nbsp;<\/span><span  style=\"color: rgb(255, 255, 255);\">connaissant de longue date et ayant une solide exp\u00e9rience dans les projets clefs-en-<\/span><span  style=\"color: rgb(255, 255, 255);\">main: des \u00e9tudes produits \u00e0 la mise en service, nous r\u00e9alisons aussi le Process, les<\/span><span  data-mce-style=\"color: #ffffff;\">&nbsp;<\/span><span  style=\"color: rgb(255, 255, 255);\">Achats, la Fabrication, l\u2019Installation et les Tests fonctionnels.<\/span><span  id=\"_mce_caret\" data-mce-bogus=\"1\" data-mce-type=\"format-caret\"><span  style=\"color: rgb(255, 255, 255);\">\ufeff<\/span><\/span><\/p> <\/div> <div  class=\"col-sm-6 flexbox around-xs top-xs image-group-right-2\"><div  class=\"left-el\"> <img alt=\"L&#039;Entreprise\"  class=\"mdc-elevation--z10 rounded jetpack-lazy-image jetpack-lazy-image--handled\" data-size=\"300x430\" src=\"http:\/\/careproduction.fr\/wp-content\/uploads\/2018\/07\/cropped-LOGO-vectoriel-CARE-PRODUCTION-2-gliss\u00e9es-13.png\" data-recalc-dims=\"1\" data-lazy-loaded=\"1\" data-lazy-src=\"https:\/\/i0.wp.com\/careproduction.fr\/wp-content\/uploads\/2018\/07\/cropped-LOGO-vectoriel-CARE-PRODUCTION-2-gliss\u00e9es-9.png?w=3840\"><\/div> <div  class=\"right-el\"> <img alt=\"L&#039;Entreprise\"  class=\"mdc-elevation--z10 rounded jetpack-lazy-image jetpack-lazy-image--handled\" data-size=\"300x430\" src=\"http:\/\/careproduction.fr\/wp-content\/uploads\/2018\/07\/cropped-LOGO-vectoriel-CARE-PRODUCTION-1-gliss\u00e9es-6.png\" data-recalc-dims=\"1\" data-lazy-loaded=\"1\" data-lazy-src=\"https:\/\/i2.wp.com\/careproduction.fr\/wp-content\/uploads\/2018\/07\/cropped-LOGO-vectoriel-CARE-PRODUCTION-1-gliss\u00e9es-3.png?w=3840\"><\/div> <div  class=\"center-overlay inner-shadow border-large border-radius-8\"><\/div><\/div> <\/div><\/div> <\/div><div  data-label=\"Content\" data-id=\"content--1\" data-export-id=\"content-19\" data-category=\"content\" class=\"content-19 content-section content-section-spacing-large white-text content-relative\" id=\"content-1\" style=\"background-image: url(http:\/\/careproduction.fr\/wp-content\/uploads\/2018\/07\/new-zealand-2492599_1920.jpg); background-color: rgba(255, 255, 255, 0); background-size: cover; background-position: center top;\" data-section-ov=\"1\"><div  class=\"section-separator-top\">\n    <svg  xmlns=\"http:\/\/www.w3.org\/2000\/svg\" viewBox=\"0 0 2600 131.1\" preserveAspectRatio=\"none\" data-separator-name=\"opacity-tilt\" class=\"section-separator-top\">\n\t<path  class=\"svg-white-bg\" d=\"M0 0L2600 0 2600 69.1 0 0z\"><\/path>\n\t<path  class=\"svg-white-bg\" style=\"opacity: 0.5;\" d=\"M0 0L2600 0 2600 69.1 0 69.1z\"><\/path>\n\t<path  class=\"svg-white-bg\" style=\"opacity: 0.25;\" d=\"M2600 0L0 0 0 130.1 2600 69.1z\"><\/path>\n<\/svg>\n<\/div><div  class=\"gridContainer\"> <div  class=\"row\"><div  data-type=\"column\" class=\"dark-text col-sm-6 content-col padding-50-top-bottom col-padding-xs text-center content-section-spacing mdc-elevation--z6 card no-radius\"> <i  class=\"mdi icon mdi-eye normal-shape normal-size color1\"><\/i> <h3  class=\"font-300\">Notre Mission<\/h3>  <p  class=\"\" style=\"text-align: left;\">Nous accompagnons les grands donneurs d\u2019ordres en participant au <span  style=\"color: rgb(239, 123, 21);\">succ\u00e8s de leurs projets<\/span>&nbsp;en prenant en charge des fonctions compl\u00e8tes des \u00e9tudes \u00e0 la livraison, dans le respect des Co\u00fbts, des D\u00e9lais, de la Qualit\u00e9 et de la S\u00e9curit\u00e9.<\/p> <\/div> <div  class=\"col-sm-5 flexbox-strech center-xs middle-xs no-gutter-col\"><div  class=\"flexbox middle-xs center-xs right-img mdc-elevation--z0\" data-bg=\"image\" style=\"background-image: url(http:\/\/careproduction.fr\/wp-content\/uploads\/2018\/07\/cropped-LOGO-vectoriel-CARE-PRODUCTION-2-gliss%C3%A9es-14.png);\"><\/div><\/div> <\/div><\/div> <div  class=\"section-separator-bottom\">\n    <svg  xmlns=\"http:\/\/www.w3.org\/2000\/svg\" viewBox=\"0 0 2600 131.1\" preserveAspectRatio=\"none\" data-separator-name=\"opacity-tilt\" class=\"section-separator-bottom\">\n\t<path  class=\"svg-white-bg\" d=\"M0 0L2600 0 2600 69.1 0 0z\"><\/path>\n\t<path  class=\"svg-white-bg\" style=\"opacity: 0.5;\" d=\"M0 0L2600 0 2600 69.1 0 69.1z\"><\/path>\n\t<path  class=\"svg-white-bg\" style=\"opacity: 0.25;\" d=\"M2600 0L0 0 0 130.1 2600 69.1z\"><\/path>\n<\/svg>\n<\/div><\/div><div  data-label=\"Content\" data-id=\"content--2\" data-export-id=\"content-19-2\" data-category=\"content\" class=\"content-19-2 content-section content-section-spacing-large white-text\" id=\"content-2\" style=\"background-image: none; background-size: cover; background-color: rgb(63, 70, 76); background-position: center top;\" data-section-ov=\"1\"><div  class=\"gridContainer\"> <div  class=\"row\"><div  class=\"col-sm-5 flexbox-strech center-xs middle-xs no-gutter-col\"> <div  class=\"flexbox middle-xs center-xs right-img mdc-elevation--z0\" data-bg=\"image\" style=\"background-image: url(http:\/\/careproduction.fr\/wp-content\/uploads\/2018\/07\/cropped-LOGO-vectoriel-CARE-PRODUCTION-1-gliss%C3%A9es-7.png);\"><\/div><\/div> <div  data-type=\"column\" class=\"dark-text col-sm-6 content-col padding-50-top-bottom col-padding-xs text-center content-section-spacing mdc-elevation--z6 card no-radius\"><i  class=\"mdi icon mdi-eye-outline normal-shape normal-size color1\"><\/i> <h3  class=\"font-300\">Notre Vision<\/h3>  <p  class=\"\" style=\"text-align: left;\">CARE Production a pour objectif d\u2019\u00eatre un <span  style=\"color: rgb(239, 123, 21);\">acteur de r\u00e9f\u00e9rence<\/span> pour son expertise M\u00e9tier et Projet, ainsi que pour la ma\u00eetrise de son offre globale de service.&nbsp;<\/p> <\/div> <\/div><\/div> <\/div>","protected":false},"excerpt":{"rendered":"","protected":false},"author":1,"featured_media":0,"parent":0,"menu_order":0,"comment_status":"closed","ping_status":"closed","template":"pro\/page-templates\/full-width-page.php","meta":{"_mbp_gutenberg_autopost":false},"yoast_head":"<!-- This site is optimized with the Yoast SEO plugin v18.5.1 - https:\/\/yoast.com\/wordpress\/plugins\/seo\/ -->\n<title>L&#039;Entreprise - CARE Production<\/title>\n<meta name=\"robots\" content=\"index, follow, max-snippet:-1, max-image-preview:large, max-video-preview:-1\" \/>\n<link rel=\"canonical\" href=\"https:\/\/careproduction.fr\/index.php\/lentreprise\/\" \/>\n<meta property=\"og:locale\" content=\"en_US\" \/>\n<meta property=\"og:type\" content=\"article\" \/>\n<meta property=\"og:title\" content=\"L&#039;Entreprise - CARE Production\" \/>\n<meta property=\"og:url\" content=\"https:\/\/careproduction.fr\/index.php\/lentreprise\/\" \/>\n<meta property=\"og:site_name\" content=\"CARE Production\" \/>\n<meta property=\"article:modified_time\" content=\"2019-04-09T15:19:43+00:00\" \/>\n<meta name=\"twitter:card\" content=\"summary_large_image\" \/>\n<meta name=\"twitter:label1\" content=\"Est. reading time\" \/>\n\t<meta name=\"twitter:data1\" content=\"1 minute\" \/>\n<script type=\"application\/ld+json\" class=\"yoast-schema-graph\">{\"@context\":\"https:\/\/schema.org\",\"@graph\":[{\"@type\":\"Organization\",\"@id\":\"https:\/\/careproduction.fr\/#organization\",\"name\":\"CARE PRODUCTION\",\"url\":\"https:\/\/careproduction.fr\/\",\"sameAs\":[],\"logo\":{\"@type\":\"ImageObject\",\"@id\":\"https:\/\/careproduction.fr\/#logo\",\"inLanguage\":\"en-US\",\"url\":\"http:\/\/careproduction.fr\/wp-content\/uploads\/2018\/07\/LOGO-vectoriel-CARE-PRODUCTION.png\",\"contentUrl\":\"http:\/\/careproduction.fr\/wp-content\/uploads\/2018\/07\/LOGO-vectoriel-CARE-PRODUCTION.png\",\"width\":3508,\"height\":2480,\"caption\":\"CARE PRODUCTION\"},\"image\":{\"@id\":\"https:\/\/careproduction.fr\/#logo\"}},{\"@type\":\"WebSite\",\"@id\":\"https:\/\/careproduction.fr\/#website\",\"url\":\"https:\/\/careproduction.fr\/\",\"name\":\"CARE Production\",\"description\":\"\",\"publisher\":{\"@id\":\"https:\/\/careproduction.fr\/#organization\"},\"potentialAction\":[{\"@type\":\"SearchAction\",\"target\":{\"@type\":\"EntryPoint\",\"urlTemplate\":\"https:\/\/careproduction.fr\/?s={search_term_string}\"},\"query-input\":\"required name=search_term_string\"}],\"inLanguage\":\"en-US\"},{\"@type\":\"WebPage\",\"@id\":\"https:\/\/careproduction.fr\/index.php\/lentreprise\/#webpage\",\"url\":\"https:\/\/careproduction.fr\/index.php\/lentreprise\/\",\"name\":\"L'Entreprise - CARE Production\",\"isPartOf\":{\"@id\":\"https:\/\/careproduction.fr\/#website\"},\"datePublished\":\"2018-07-04T12:24:23+00:00\",\"dateModified\":\"2019-04-09T15:19:43+00:00\",\"breadcrumb\":{\"@id\":\"https:\/\/careproduction.fr\/index.php\/lentreprise\/#breadcrumb\"},\"inLanguage\":\"en-US\",\"potentialAction\":[{\"@type\":\"ReadAction\",\"target\":[\"https:\/\/careproduction.fr\/index.php\/lentreprise\/\"]}]},{\"@type\":\"BreadcrumbList\",\"@id\":\"https:\/\/careproduction.fr\/index.php\/lentreprise\/#breadcrumb\",\"itemListElement\":[{\"@type\":\"ListItem\",\"position\":1,\"name\":\"Home\",\"item\":\"https:\/\/careproduction.fr\/\"},{\"@type\":\"ListItem\",\"position\":2,\"name\":\"L&#8217;Entreprise\"}]}]}<\/script>\n<!-- \/ Yoast SEO plugin. -->","yoast_head_json":{"title":"L'Entreprise - CARE Production","robots":{"index":"index","follow":"follow","max-snippet":"max-snippet:-1","max-image-preview":"max-image-preview:large","max-video-preview":"max-video-preview:-1"},"canonical":"https:\/\/careproduction.fr\/index.php\/lentreprise\/","og_locale":"en_US","og_type":"article","og_title":"L'Entreprise - CARE Production","og_url":"https:\/\/careproduction.fr\/index.php\/lentreprise\/","og_site_name":"CARE Production","article_modified_time":"2019-04-09T15:19:43+00:00","twitter_card":"summary_large_image","twitter_misc":{"Est. reading time":"1 minute"},"schema":{"@context":"https:\/\/schema.org","@graph":[{"@type":"Organization","@id":"https:\/\/careproduction.fr\/#organization","name":"CARE PRODUCTION","url":"https:\/\/careproduction.fr\/","sameAs":[],"logo":{"@type":"ImageObject","@id":"https:\/\/careproduction.fr\/#logo","inLanguage":"en-US","url":"http:\/\/careproduction.fr\/wp-content\/uploads\/2018\/07\/LOGO-vectoriel-CARE-PRODUCTION.png","contentUrl":"http:\/\/careproduction.fr\/wp-content\/uploads\/2018\/07\/LOGO-vectoriel-CARE-PRODUCTION.png","width":3508,"height":2480,"caption":"CARE PRODUCTION"},"image":{"@id":"https:\/\/careproduction.fr\/#logo"}},{"@type":"WebSite","@id":"https:\/\/careproduction.fr\/#website","url":"https:\/\/careproduction.fr\/","name":"CARE Production","description":"","publisher":{"@id":"https:\/\/careproduction.fr\/#organization"},"potentialAction":[{"@type":"SearchAction","target":{"@type":"EntryPoint","urlTemplate":"https:\/\/careproduction.fr\/?s={search_term_string}"},"query-input":"required name=search_term_string"}],"inLanguage":"en-US"},{"@type":"WebPage","@id":"https:\/\/careproduction.fr\/index.php\/lentreprise\/#webpage","url":"https:\/\/careproduction.fr\/index.php\/lentreprise\/","name":"L'Entreprise - CARE Production","isPartOf":{"@id":"https:\/\/careproduction.fr\/#website"},"datePublished":"2018-07-04T12:24:23+00:00","dateModified":"2019-04-09T15:19:43+00:00","breadcrumb":{"@id":"https:\/\/careproduction.fr\/index.php\/lentreprise\/#breadcrumb"},"inLanguage":"en-US","potentialAction":[{"@type":"ReadAction","target":["https:\/\/careproduction.fr\/index.php\/lentreprise\/"]}]},{"@type":"BreadcrumbList","@id":"https:\/\/careproduction.fr\/index.php\/lentreprise\/#breadcrumb","itemListElement":[{"@type":"ListItem","position":1,"name":"Home","item":"https:\/\/careproduction.fr\/"},{"@type":"ListItem","position":2,"name":"L&#8217;Entreprise"}]}]}},"_links":{"self":[{"href":"https:\/\/careproduction.fr\/index.php\/wp-json\/wp\/v2\/pages\/29"}],"collection":[{"href":"https:\/\/careproduction.fr\/index.php\/wp-json\/wp\/v2\/pages"}],"about":[{"href":"https:\/\/careproduction.fr\/index.php\/wp-json\/wp\/v2\/types\/page"}],"author":[{"embeddable":true,"href":"https:\/\/careproduction.fr\/index.php\/wp-json\/wp\/v2\/users\/1"}],"replies":[{"embeddable":true,"href":"https:\/\/careproduction.fr\/index.php\/wp-json\/wp\/v2\/comments?post=29"}],"version-history":[{"count":31,"href":"https:\/\/careproduction.fr\/index.php\/wp-json\/wp\/v2\/pages\/29\/revisions"}],"predecessor-version":[{"id":515,"href":"https:\/\/careproduction.fr\/index.php\/wp-json\/wp\/v2\/pages\/29\/revisions\/515"}],"wp:attachment":[{"href":"https:\/\/careproduction.fr\/index.php\/wp-json\/wp\/v2\/media?parent=29"}],"curies":[{"name":"wp","href":"https:\/\/api.w.org\/{rel}","templated":true}]}}