{"id":66,"date":"2018-07-04T15:37:40","date_gmt":"2018-07-04T13:37:40","guid":{"rendered":"http:\/\/careproduction.fr\/?page_id=66"},"modified":"2019-04-09T16:53:04","modified_gmt":"2019-04-09T14:53:04","slug":"competences","status":"publish","type":"page","link":"https:\/\/careproduction.fr\/index.php\/competences\/","title":{"rendered":"Nos Comp\u00e9tences"},"content":{"rendered":"<div  data-label=\"Content\" data-id=\"content--1\" data-export-id=\"content-6\" data-category=\"content\" class=\"content-6 content-section content-section-spacing-large\" id=\"content-1\" style=\"background-color: #3f464c; background-image: none;\">\n<div  class=\"gridContainer\">\n<div  class=\"row text-center\">\n<div  class=\"section-title-col\" data-type=\"column\">\n<h2  class=\"\"><span  style=\"color: #ffffff;\">Notre Organisation<\/span><\/h2>\n<\/div>\n<\/div>\n<div  class=\"row middle-sm\">\n<div  class=\"col-sm-6\">\n<div  class=\"row\">\n<div  class=\"col-xs-12 space-bottom\" data-type=\"column\"><\/div>\n<div  data-type=\"row\" class=\"col-xs-12\">\n<div  class=\"row space-bottom\">\n<div  class=\"col-xs-12 col-md-fit\"><i  class=\"mdi icon mdi-account-check bordered round normal-size color1\"><\/i><\/div>\n<div  class=\"col-xs-12 col-md\" data-type=\"column\">\n<h5  class=\"color1\">Notre \u00e9quipe b\u00e9nificie des comp\u00e9tences CARE PRODUCTION suivantes :<\/h5>\n<ul  class=\"\">\n \t<li ><span  style=\"color: #ffffff;\">Gestion \/ Pilotage de projet<\/span><\/li>\n \t<li ><span  style=\"color: #ffffff;\">Audit<\/span><\/li>\n \t<li ><span  style=\"color: #ffffff;\">Animation de groupe d\u2019experts<\/span><\/li>\n \t<li ><span  style=\"color: #ffffff;\">D\u00e9marche de progr\u00e8s (organisation, processus, produit, process)<\/span><\/li>\n \t<li ><span  style=\"color: #ffffff;\">Support technique et m\u00e9thodique<\/span><\/li>\n \t<li ><span  style=\"color: #ffffff;\">Formation<\/span><\/li>\n \t<li ><span  style=\"color: #ffffff;\">Conduite du changement<\/span><\/li>\n<\/ul>\n<\/div>\n<\/div>\n<div  class=\"row space-bottom\">\n<div  class=\"col-xs-12 col-md-fit\"><i  class=\"mdi icon mdi-approval bordered round normal-size color1\"><\/i><\/div>\n<div  class=\"col-xs-12 col-md\" data-type=\"column\">\n<h5  class=\"color1\">Avec des m\u00e9thodes et outils d\u00e9di\u00e9s<\/h5>\n<ul  class=\"\">\n \t<li ><span  style=\"color: #ffffff;\">Pour le Management de Projet<\/span><\/li>\n \t<li ><span  style=\"color: #ffffff;\">Pour le Management de la Qualit\u00e9 et de la S\u00e9curit\u00e9<\/span><\/li>\n \t<li ><span  style=\"color: #ffffff;\">Pour le Management de l\u2019organisation<\/span><\/li>\n<\/ul>\n<\/div>\n<\/div>\n<div  class=\"row space-bottom\">\n<div  class=\"col-xs-12 col-md-fit\"><i  class=\"mdi icon mdi-av-timer bordered round normal-size color1\"><\/i><\/div>\n<div  class=\"col-xs-12 col-md\" data-type=\"column\">\n<h5  class=\"color1\">Cette organisation permet d\u2019optimiser les co\u00fbts gr\u00e2ce<\/h5>\n<ul  class=\"\">\n \t<li ><span  style=\"color: #ffffff;\">A l\u2019intervention des responsables sur la formation de l\u2019\u00e9quipe Projet, la priorisation des t\u00e2ches et les solutions qualitatives \u00e0 apporter.<\/span><\/li>\n \t<li ><span  style=\"color: #ffffff;\">A la coordination et a la flexibilit\u00e9 de l\u2019\u00e9quipe Projet.<\/span><\/li>\n<\/ul>\n<\/div>\n<\/div>\n<\/div>\n<\/div>\n<\/div>\n<div  class=\"col-sm-6 flexbox around-xs top-xs\">\n<div  class=\"overlay-box middle-xs center-xs flexbox box-image\">\n<div  class=\"overlay-box-offset offset-border mdc-elevation--z5 border-color1 hide-xs border-radius-8 \"><\/div>\n<img alt=\"Nos Comp\u00e9tences\"  class=\"mdc-elevation--z10 rounded\" src=\"http:\/\/careproduction.fr\/wp-content\/uploads\/2018\/07\/cropped-LOGO-vectoriel-CARE-PRODUCTION-2-gliss\u00e9es-15.png\">\n\n<\/div>\n<\/div>\n<\/div>\n<\/div>\n<\/div><div  data-label=\"Content\" data-id=\"content--2\" data-export-id=\"content-18\" data-category=\"content\" class=\"content-16 content-section content-section-spacing-large\" id=\"content-2\" style=\"background-color: #3f464c; background-image: none;\">\n<div  class=\"gridContainer\">\n<div  class=\"row middle-sm\">\n<div  class=\"col-sm-6 flexbox around-xs top-xs col-padding-small-xs \">\n<div  class=\"overlay-box flexbox middle-xs center-xs overlay-holder \">\n<div  class=\"overlay-box-offset offset-background mdc-elevation--z5 bg-color2 hide-xs\"><\/div>\n<img alt=\"Nos Comp\u00e9tences\"  class=\"flexbox mdc-elevation--z10 img1\" data-size=\"500x500\" src=\"http:\/\/careproduction.fr\/wp-content\/uploads\/2018\/07\/cropped-LOGO-vectoriel-CARE-PRODUCTION-1-gliss\u00e9es-8.png\">\n\n<\/div>\n<\/div>\n<div  class=\"col-sm-6 space-top-xs\" data-type=\"column\">\n<h2  class=\"\"><span  style=\"color: #ffffff;\">Notre Expertise&nbsp;<\/span><\/h2>\n<ul  class=\"\">\n \t<li ><span  style=\"color: #ffffff;\">Recherches de Solutions<\/span><\/li>\n \t<li ><span  style=\"color: #ffffff;\">Etudes d\u2019industrialisation<\/span><\/li>\n \t<li ><span  style=\"color: #ffffff;\">Encadrement des \u00e9quipes<\/span><\/li>\n \t<li ><span  style=\"color: #ffffff;\">Montage et implantation<\/span><\/li>\n \t<li ><span  style=\"color: #ffffff;\">Suivi de chantier<\/span><\/li>\n \t<li ><span  style=\"color: #ffffff;\">Coordination avec les services Etudes<\/span><\/li>\n \t<li ><span  style=\"color: #ffffff;\">Industralisation et Essais<\/span><\/li>\n \t<li ><span  style=\"color: #ffffff;\">R\u00e9alisation et suivi des dossiers complets<\/span><\/li>\n \t<li ><span  style=\"color: #ffffff;\">Consultation et suivi des Fournisseurs<\/span><\/li>\n \t<li ><span  style=\"color: #ffffff;\">Ventes aux autorit\u00e9s<\/span><\/li>\n<\/ul>\n<\/div>\n<\/div>\n<\/div>\n<\/div><div  data-label=\"Content\" data-id=\"content--4\" data-export-id=\"content-6\" data-category=\"content\" class=\"content-6 content-section content-section-spacing-large\" id=\"content-4\" style=\"background-color: #3f464c; background-image: none;\">\n<div  class=\"gridContainer\">\n<div  class=\"row text-center\">\n<div  class=\"section-title-col\" data-type=\"column\">\n<h2  class=\"\"><span  style=\"color: #fefefe;\">Nos M\u00e9tiers<\/span><\/h2>\n<\/div>\n<\/div>\n<div  class=\"row middle-sm\">\n<div  class=\"col-sm-6\">\n<div  class=\"row\">\n<div  class=\"col-xs-12 space-bottom\" data-type=\"column\"><\/div>\n<div  data-type=\"row\" class=\"col-xs-12\">\n<div  class=\"row space-bottom\">\n<div  class=\"col-xs-12 col-md-fit\"><i  class=\"mdi icon mdi-account-check bordered round normal-size color1\"><\/i><\/div>\n<div  class=\"col-xs-12 col-md\" data-type=\"column\">\n<ul  class=\"\">\n \t<li ><span  style=\"color: #ffffff;\">Tracage des ouvertures r\u00e9seaux<\/span><\/li>\n \t<li ><span  style=\"color: #ffffff;\">Tracage des implantations des coques m\u00e9talliques<\/span><\/li>\n \t<li ><span  style=\"color: #ffffff;\">Installations des Travers\u00e9es<\/span><\/li>\n \t<li ><span  style=\"color: #ffffff;\">Montages des Tuyauteries Acier, Inox<\/span><\/li>\n \t<li ><span  style=\"color: #ffffff;\">Montage du r\u00e9seau de Ventillation<\/span><\/li>\n \t<li ><span  style=\"color: #ffffff;\">Montage de Tuyauterie PVC et Cuivre<\/span><\/li>\n \t<li ><span  style=\"color: #ffffff;\">Epreuves de r\u00e9seau Incendie<\/span><\/li>\n \t<li ><span  style=\"color: #ffffff;\">Installation de mat\u00e9riel Incendie<\/span><\/li>\n \t<li ><span  style=\"color: #ffffff;\">Signal\u00e9tique Incendie et R\u00e9seau<\/span><\/li>\n<\/ul>\n<\/div>\n<\/div>\n<\/div>\n<\/div>\n<\/div>\n<div  class=\"col-sm-6 flexbox around-xs top-xs\">\n<div  class=\"overlay-box middle-xs center-xs flexbox box-image\">\n<div  class=\"overlay-box-offset offset-border mdc-elevation--z5 border-color1 hide-xs border-radius-8 \"><\/div>\n<img alt=\"Nos Comp\u00e9tences\"  class=\"mdc-elevation--z10 rounded\" src=\"http:\/\/careproduction.fr\/wp-content\/uploads\/2018\/07\/LOGO-vectoriel-CARE-PRODUCTION-1-gliss\u00e9es.png\">\n\n<\/div>\n<\/div>\n<\/div>\n<\/div>\n<\/div>","protected":false},"excerpt":{"rendered":"","protected":false},"author":1,"featured_media":0,"parent":0,"menu_order":0,"comment_status":"closed","ping_status":"closed","template":"pro\/page-templates\/full-width-page.php","meta":{"_mbp_gutenberg_autopost":false},"yoast_head":"<!-- This site is optimized with the Yoast SEO plugin v18.5.1 - https:\/\/yoast.com\/wordpress\/plugins\/seo\/ -->\n<title>Nos Comp\u00e9tences - CARE Production<\/title>\n<meta name=\"robots\" content=\"index, follow, max-snippet:-1, max-image-preview:large, max-video-preview:-1\" \/>\n<link rel=\"canonical\" href=\"https:\/\/careproduction.fr\/index.php\/competences\/\" \/>\n<meta property=\"og:locale\" content=\"en_US\" \/>\n<meta property=\"og:type\" content=\"article\" \/>\n<meta property=\"og:title\" content=\"Nos Comp\u00e9tences - CARE Production\" \/>\n<meta property=\"og:url\" content=\"https:\/\/careproduction.fr\/index.php\/competences\/\" \/>\n<meta property=\"og:site_name\" content=\"CARE Production\" \/>\n<meta property=\"article:modified_time\" content=\"2019-04-09T14:53:04+00:00\" \/>\n<meta name=\"twitter:card\" content=\"summary_large_image\" \/>\n<meta name=\"twitter:label1\" content=\"Est. reading time\" \/>\n\t<meta name=\"twitter:data1\" content=\"1 minute\" \/>\n<script type=\"application\/ld+json\" class=\"yoast-schema-graph\">{\"@context\":\"https:\/\/schema.org\",\"@graph\":[{\"@type\":\"Organization\",\"@id\":\"https:\/\/careproduction.fr\/#organization\",\"name\":\"CARE PRODUCTION\",\"url\":\"https:\/\/careproduction.fr\/\",\"sameAs\":[],\"logo\":{\"@type\":\"ImageObject\",\"@id\":\"https:\/\/careproduction.fr\/#logo\",\"inLanguage\":\"en-US\",\"url\":\"http:\/\/careproduction.fr\/wp-content\/uploads\/2018\/07\/LOGO-vectoriel-CARE-PRODUCTION.png\",\"contentUrl\":\"http:\/\/careproduction.fr\/wp-content\/uploads\/2018\/07\/LOGO-vectoriel-CARE-PRODUCTION.png\",\"width\":3508,\"height\":2480,\"caption\":\"CARE PRODUCTION\"},\"image\":{\"@id\":\"https:\/\/careproduction.fr\/#logo\"}},{\"@type\":\"WebSite\",\"@id\":\"https:\/\/careproduction.fr\/#website\",\"url\":\"https:\/\/careproduction.fr\/\",\"name\":\"CARE Production\",\"description\":\"\",\"publisher\":{\"@id\":\"https:\/\/careproduction.fr\/#organization\"},\"potentialAction\":[{\"@type\":\"SearchAction\",\"target\":{\"@type\":\"EntryPoint\",\"urlTemplate\":\"https:\/\/careproduction.fr\/?s={search_term_string}\"},\"query-input\":\"required name=search_term_string\"}],\"inLanguage\":\"en-US\"},{\"@type\":\"WebPage\",\"@id\":\"https:\/\/careproduction.fr\/index.php\/competences\/#webpage\",\"url\":\"https:\/\/careproduction.fr\/index.php\/competences\/\",\"name\":\"Nos Comp\u00e9tences - CARE Production\",\"isPartOf\":{\"@id\":\"https:\/\/careproduction.fr\/#website\"},\"datePublished\":\"2018-07-04T13:37:40+00:00\",\"dateModified\":\"2019-04-09T14:53:04+00:00\",\"breadcrumb\":{\"@id\":\"https:\/\/careproduction.fr\/index.php\/competences\/#breadcrumb\"},\"inLanguage\":\"en-US\",\"potentialAction\":[{\"@type\":\"ReadAction\",\"target\":[\"https:\/\/careproduction.fr\/index.php\/competences\/\"]}]},{\"@type\":\"BreadcrumbList\",\"@id\":\"https:\/\/careproduction.fr\/index.php\/competences\/#breadcrumb\",\"itemListElement\":[{\"@type\":\"ListItem\",\"position\":1,\"name\":\"Home\",\"item\":\"https:\/\/careproduction.fr\/\"},{\"@type\":\"ListItem\",\"position\":2,\"name\":\"Nos Comp\u00e9tences\"}]}]}<\/script>\n<!-- \/ Yoast SEO plugin. -->","yoast_head_json":{"title":"Nos Comp\u00e9tences - CARE Production","robots":{"index":"index","follow":"follow","max-snippet":"max-snippet:-1","max-image-preview":"max-image-preview:large","max-video-preview":"max-video-preview:-1"},"canonical":"https:\/\/careproduction.fr\/index.php\/competences\/","og_locale":"en_US","og_type":"article","og_title":"Nos Comp\u00e9tences - CARE Production","og_url":"https:\/\/careproduction.fr\/index.php\/competences\/","og_site_name":"CARE Production","article_modified_time":"2019-04-09T14:53:04+00:00","twitter_card":"summary_large_image","twitter_misc":{"Est. reading time":"1 minute"},"schema":{"@context":"https:\/\/schema.org","@graph":[{"@type":"Organization","@id":"https:\/\/careproduction.fr\/#organization","name":"CARE PRODUCTION","url":"https:\/\/careproduction.fr\/","sameAs":[],"logo":{"@type":"ImageObject","@id":"https:\/\/careproduction.fr\/#logo","inLanguage":"en-US","url":"http:\/\/careproduction.fr\/wp-content\/uploads\/2018\/07\/LOGO-vectoriel-CARE-PRODUCTION.png","contentUrl":"http:\/\/careproduction.fr\/wp-content\/uploads\/2018\/07\/LOGO-vectoriel-CARE-PRODUCTION.png","width":3508,"height":2480,"caption":"CARE PRODUCTION"},"image":{"@id":"https:\/\/careproduction.fr\/#logo"}},{"@type":"WebSite","@id":"https:\/\/careproduction.fr\/#website","url":"https:\/\/careproduction.fr\/","name":"CARE Production","description":"","publisher":{"@id":"https:\/\/careproduction.fr\/#organization"},"potentialAction":[{"@type":"SearchAction","target":{"@type":"EntryPoint","urlTemplate":"https:\/\/careproduction.fr\/?s={search_term_string}"},"query-input":"required name=search_term_string"}],"inLanguage":"en-US"},{"@type":"WebPage","@id":"https:\/\/careproduction.fr\/index.php\/competences\/#webpage","url":"https:\/\/careproduction.fr\/index.php\/competences\/","name":"Nos Comp\u00e9tences - CARE Production","isPartOf":{"@id":"https:\/\/careproduction.fr\/#website"},"datePublished":"2018-07-04T13:37:40+00:00","dateModified":"2019-04-09T14:53:04+00:00","breadcrumb":{"@id":"https:\/\/careproduction.fr\/index.php\/competences\/#breadcrumb"},"inLanguage":"en-US","potentialAction":[{"@type":"ReadAction","target":["https:\/\/careproduction.fr\/index.php\/competences\/"]}]},{"@type":"BreadcrumbList","@id":"https:\/\/careproduction.fr\/index.php\/competences\/#breadcrumb","itemListElement":[{"@type":"ListItem","position":1,"name":"Home","item":"https:\/\/careproduction.fr\/"},{"@type":"ListItem","position":2,"name":"Nos Comp\u00e9tences"}]}]}},"_links":{"self":[{"href":"https:\/\/careproduction.fr\/index.php\/wp-json\/wp\/v2\/pages\/66"}],"collection":[{"href":"https:\/\/careproduction.fr\/index.php\/wp-json\/wp\/v2\/pages"}],"about":[{"href":"https:\/\/careproduction.fr\/index.php\/wp-json\/wp\/v2\/types\/page"}],"author":[{"embeddable":true,"href":"https:\/\/careproduction.fr\/index.php\/wp-json\/wp\/v2\/users\/1"}],"replies":[{"embeddable":true,"href":"https:\/\/careproduction.fr\/index.php\/wp-json\/wp\/v2\/comments?post=66"}],"version-history":[{"count":50,"href":"https:\/\/careproduction.fr\/index.php\/wp-json\/wp\/v2\/pages\/66\/revisions"}],"predecessor-version":[{"id":504,"href":"https:\/\/careproduction.fr\/index.php\/wp-json\/wp\/v2\/pages\/66\/revisions\/504"}],"wp:attachment":[{"href":"https:\/\/careproduction.fr\/index.php\/wp-json\/wp\/v2\/media?parent=66"}],"curies":[{"name":"wp","href":"https:\/\/api.w.org\/{rel}","templated":true}]}}