{"id":67,"date":"2018-07-04T15:37:40","date_gmt":"2018-07-04T13:37:40","guid":{"rendered":"http:\/\/careproduction.fr\/?page_id=67"},"modified":"2019-04-09T17:55:30","modified_gmt":"2019-04-09T15:55:30","slug":"historique","status":"publish","type":"page","link":"https:\/\/careproduction.fr\/index.php\/historique\/","title":{"rendered":"Historique"},"content":{"rendered":"<div  data-label=\"Features\" data-id=\"features--1\" data-export-id=\"features-16-materialis\" data-category=\"features\" class=\"features-16m content-section content-section-spacing-large\" id=\"features-1\" style=\"background-color: rgb(63, 70, 76); background-image: none;\"><div  class=\"gridContainer\"> <div  class=\"row\"><div  class=\"section-title-col\" data-type=\"column\"> <h2  class=\"\"><span  style=\"color: rgb(255, 255, 255);\">Notre Histoire&nbsp;<\/span><\/h2> <\/div> <\/div> <div  class=\"row top-xs space-top number-containers content-center-sm\" data-type=\"row\"> <div  class=\"col-md-3 col-sm-6 col-xs-12 space-bottom space-top-xs\"> <div  class=\"number-container space-bottom\"> <div  class=\"link-line left\"><\/div> <p  class=\"border-color1-small number\"><span  id=\"_mce_caret\" data-mce-bogus=\"1\" data-mce-type=\"format-caret\"><span  style=\"color: rgb(239, 123, 21);\">\ufeff1er Semestre 2017<\/span><\/span><\/p> <div  class=\"link-line right\"><\/div> <\/div> <div  class=\"content-box\" data-type=\"column\">  <p  class=\"\"><span  style=\"color: rgb(255, 255, 255);\">Nombreux \u00e9changes avec ABMI et STX \n<br >pour la&nbsp;<\/span><span  style=\"color: rgb(255, 255, 255);\">cr\u00e9ation de la soci\u00e9t\u00e9<\/span><\/p><\/div> <\/div> <div  class=\"col-md-3 col-sm-6 col-xs-12 space-bottom space-top-xs\"> <div  class=\"number-container space-bottom\"> <div  class=\"link-line left\"><\/div> <p  class=\"border-color1-small number\"><span  style=\"color: rgb(239, 123, 21);\">7 Juillet 2017<\/span><\/p> <div  class=\"link-line right\"><\/div> <\/div> <div  class=\"content-box\" data-type=\"column\">  <p  class=\"\"><span  style=\"color: rgb(255, 255, 255);\">Reprise de l\u2019activit\u00e9 ABMI\n<br >avec&nbsp;<br >des commandes MLI &amp; TuNEx pour l&#8217;Harmony of the Seas de Royal Caribbean<\/span><\/p><\/div> <\/div> <div  class=\"col-md-3 col-sm-6 col-xs-12 space-bottom space-top-xs\"> <div  class=\"number-container space-bottom\"> <div  class=\"link-line left\"><\/div> <p  class=\"border-color1-small number\"><span  style=\"color: rgb(239, 123, 21);\">2nd Semestre 2017<\/span><\/p> <div  class=\"link-line right\"><\/div> <\/div> <div  class=\"content-box\" data-type=\"column\">  <p  class=\"\"><span  style=\"color: rgb(255, 255, 255);\">2 commandes des Sous-Stations<\/span><br ><span  style=\"color: rgb(255, 255, 255);\">\n<br >8 commandes MLI &amp; TuNEx pour la s\u00e9rie &#8220;Edge&#8221; de Celebrity Cruises&nbsp;<\/span><\/p><\/div> <\/div> <div  class=\"col-md-3 col-sm-6 col-xs-12 space-bottom space-top-xs\"> <div  class=\"number-container space-bottom\"> <div  class=\"link-line left\"><\/div> <p  class=\"border-color1-small number\"><span  style=\"color: rgb(239, 123, 21);\">1er Semestre 2018<\/span><\/p> <div  class=\"link-line right\"><\/div> <\/div> <div  class=\"content-box\" data-type=\"column\">  <p  class=\"\"><span  style=\"color: rgb(255, 255, 255);\">6 commandes MLI &amp; TuNEx pour la s\u00e9rie &#8220;Vista&#8221; de MSC\n\n<br >\n<br >Livraison du Symphony of the Seas<\/span><\/p><\/div> <\/div><div  class=\"col-md-3 col-sm-6 col-xs-12 space-bottom space-top-xs\"> <div  class=\"number-container space-bottom\"> <div  class=\"link-line left\"><\/div> <p  class=\"border-color1-small number\"><font  color=\"#ef7b15\"><span  style=\"caret-color: rgb(239, 123, 21);\">2nd Semestre 2018<\/span><\/font><\/p> <div  class=\"link-line right\"><\/div> <\/div> <div  class=\"content-box\" data-type=\"column\">  <p  class=\"\"><span  style=\"color: rgb(255, 255, 255);\">Livraison du Celebrity Edge<\/span><\/p><\/div> <\/div><div  class=\"col-md-3 col-sm-6 col-xs-12 space-bottom space-top-xs\"> <div  class=\"number-container space-bottom\"> <div  class=\"link-line left\"><\/div> <p  class=\"border-color1-small number\"><font  color=\"#ef7b15\"><span  style=\"caret-color: rgb(239, 123, 21);\">1er Semestre 2019<\/span><\/font><\/p> <div  class=\"link-line right\"><\/div> <\/div> <div  class=\"content-box\" data-type=\"column\">  <p  class=\"\"><span  style=\"color: rgb(255, 255, 255);\">Livraison du MSC Bellissima\n<br ><br >Notre effectif est consolid\u00e9 \u00e0 21 personnes<\/span><\/p><\/div> <\/div><div  class=\"col-md-3 col-sm-6 col-xs-12 space-bottom space-top-xs\"> <div  class=\"number-container space-bottom\"> <div  class=\"link-line left\"><\/div> <p  class=\"border-color1-small number\"><font  color=\"#ef7b15\"><span  style=\"caret-color: rgb(239, 123, 21);\">2nd Semestre 2019<\/span><\/font><\/p> <div  class=\"link-line right\"><\/div> <\/div> <div  class=\"content-box\" data-type=\"column\">  <p  class=\"\"><span  style=\"color: rgb(255, 255, 255);\">Toujours 3 navires en parall\u00e8le \u00e0 r\u00e9ussir\n\n<br >\n<br >1 d\u00e9part tous les 6 mois&#8230;\n<br >et de bonnes perspectives&#8230;<\/span><\/p><\/div> <\/div><div  class=\"col-md-3 col-sm-6 col-xs-12 space-bottom space-top-xs\"> <div  class=\"number-container space-bottom\"> <div  class=\"link-line left\"><\/div> <p  class=\"border-color1-small number\"><font  color=\"#ef7b15\"><span  style=\"caret-color: rgb(239, 123, 21);\">Une belle visibilit\u00e9&#8230;<\/span><\/font><\/p> <div  class=\"link-line right\"><\/div> <\/div> <div  class=\"content-box\" data-type=\"column\">  <p  class=\"\"><span  style=\"color: rgb(255, 255, 255);\">Notre cr\u00e9dibilit\u00e9 et nos comp\u00e9tences permettent que ce carnet de commande nous assure une visibilit\u00e9 jusqu\u2019\u00e0 2022, voir 2028 : ensemble, nous pouvons envisager l\u2019avenir sereinement.<\/span><\/p><\/div> <\/div><\/div> <\/div><\/div>","protected":false},"excerpt":{"rendered":"","protected":false},"author":1,"featured_media":0,"parent":0,"menu_order":0,"comment_status":"closed","ping_status":"closed","template":"pro\/page-templates\/full-width-page.php","meta":{"_mbp_gutenberg_autopost":false},"yoast_head":"<!-- This site is optimized with the Yoast SEO plugin v18.5.1 - https:\/\/yoast.com\/wordpress\/plugins\/seo\/ -->\n<title>Historique - CARE Production<\/title>\n<meta name=\"robots\" content=\"index, follow, max-snippet:-1, max-image-preview:large, max-video-preview:-1\" \/>\n<link rel=\"canonical\" href=\"https:\/\/careproduction.fr\/index.php\/historique\/\" \/>\n<meta property=\"og:locale\" content=\"en_US\" \/>\n<meta property=\"og:type\" content=\"article\" \/>\n<meta property=\"og:title\" content=\"Historique - CARE Production\" \/>\n<meta property=\"og:url\" content=\"https:\/\/careproduction.fr\/index.php\/historique\/\" \/>\n<meta property=\"og:site_name\" content=\"CARE Production\" \/>\n<meta property=\"article:modified_time\" content=\"2019-04-09T15:55:30+00:00\" \/>\n<meta name=\"twitter:card\" content=\"summary_large_image\" \/>\n<meta name=\"twitter:label1\" content=\"Est. reading time\" \/>\n\t<meta name=\"twitter:data1\" content=\"1 minute\" \/>\n<script type=\"application\/ld+json\" class=\"yoast-schema-graph\">{\"@context\":\"https:\/\/schema.org\",\"@graph\":[{\"@type\":\"Organization\",\"@id\":\"https:\/\/careproduction.fr\/#organization\",\"name\":\"CARE PRODUCTION\",\"url\":\"https:\/\/careproduction.fr\/\",\"sameAs\":[],\"logo\":{\"@type\":\"ImageObject\",\"@id\":\"https:\/\/careproduction.fr\/#logo\",\"inLanguage\":\"en-US\",\"url\":\"http:\/\/careproduction.fr\/wp-content\/uploads\/2018\/07\/LOGO-vectoriel-CARE-PRODUCTION.png\",\"contentUrl\":\"http:\/\/careproduction.fr\/wp-content\/uploads\/2018\/07\/LOGO-vectoriel-CARE-PRODUCTION.png\",\"width\":3508,\"height\":2480,\"caption\":\"CARE PRODUCTION\"},\"image\":{\"@id\":\"https:\/\/careproduction.fr\/#logo\"}},{\"@type\":\"WebSite\",\"@id\":\"https:\/\/careproduction.fr\/#website\",\"url\":\"https:\/\/careproduction.fr\/\",\"name\":\"CARE Production\",\"description\":\"\",\"publisher\":{\"@id\":\"https:\/\/careproduction.fr\/#organization\"},\"potentialAction\":[{\"@type\":\"SearchAction\",\"target\":{\"@type\":\"EntryPoint\",\"urlTemplate\":\"https:\/\/careproduction.fr\/?s={search_term_string}\"},\"query-input\":\"required name=search_term_string\"}],\"inLanguage\":\"en-US\"},{\"@type\":\"WebPage\",\"@id\":\"https:\/\/careproduction.fr\/index.php\/historique\/#webpage\",\"url\":\"https:\/\/careproduction.fr\/index.php\/historique\/\",\"name\":\"Historique - CARE Production\",\"isPartOf\":{\"@id\":\"https:\/\/careproduction.fr\/#website\"},\"datePublished\":\"2018-07-04T13:37:40+00:00\",\"dateModified\":\"2019-04-09T15:55:30+00:00\",\"breadcrumb\":{\"@id\":\"https:\/\/careproduction.fr\/index.php\/historique\/#breadcrumb\"},\"inLanguage\":\"en-US\",\"potentialAction\":[{\"@type\":\"ReadAction\",\"target\":[\"https:\/\/careproduction.fr\/index.php\/historique\/\"]}]},{\"@type\":\"BreadcrumbList\",\"@id\":\"https:\/\/careproduction.fr\/index.php\/historique\/#breadcrumb\",\"itemListElement\":[{\"@type\":\"ListItem\",\"position\":1,\"name\":\"Home\",\"item\":\"https:\/\/careproduction.fr\/\"},{\"@type\":\"ListItem\",\"position\":2,\"name\":\"Historique\"}]}]}<\/script>\n<!-- \/ Yoast SEO plugin. -->","yoast_head_json":{"title":"Historique - CARE Production","robots":{"index":"index","follow":"follow","max-snippet":"max-snippet:-1","max-image-preview":"max-image-preview:large","max-video-preview":"max-video-preview:-1"},"canonical":"https:\/\/careproduction.fr\/index.php\/historique\/","og_locale":"en_US","og_type":"article","og_title":"Historique - CARE Production","og_url":"https:\/\/careproduction.fr\/index.php\/historique\/","og_site_name":"CARE Production","article_modified_time":"2019-04-09T15:55:30+00:00","twitter_card":"summary_large_image","twitter_misc":{"Est. reading time":"1 minute"},"schema":{"@context":"https:\/\/schema.org","@graph":[{"@type":"Organization","@id":"https:\/\/careproduction.fr\/#organization","name":"CARE PRODUCTION","url":"https:\/\/careproduction.fr\/","sameAs":[],"logo":{"@type":"ImageObject","@id":"https:\/\/careproduction.fr\/#logo","inLanguage":"en-US","url":"http:\/\/careproduction.fr\/wp-content\/uploads\/2018\/07\/LOGO-vectoriel-CARE-PRODUCTION.png","contentUrl":"http:\/\/careproduction.fr\/wp-content\/uploads\/2018\/07\/LOGO-vectoriel-CARE-PRODUCTION.png","width":3508,"height":2480,"caption":"CARE PRODUCTION"},"image":{"@id":"https:\/\/careproduction.fr\/#logo"}},{"@type":"WebSite","@id":"https:\/\/careproduction.fr\/#website","url":"https:\/\/careproduction.fr\/","name":"CARE Production","description":"","publisher":{"@id":"https:\/\/careproduction.fr\/#organization"},"potentialAction":[{"@type":"SearchAction","target":{"@type":"EntryPoint","urlTemplate":"https:\/\/careproduction.fr\/?s={search_term_string}"},"query-input":"required name=search_term_string"}],"inLanguage":"en-US"},{"@type":"WebPage","@id":"https:\/\/careproduction.fr\/index.php\/historique\/#webpage","url":"https:\/\/careproduction.fr\/index.php\/historique\/","name":"Historique - CARE Production","isPartOf":{"@id":"https:\/\/careproduction.fr\/#website"},"datePublished":"2018-07-04T13:37:40+00:00","dateModified":"2019-04-09T15:55:30+00:00","breadcrumb":{"@id":"https:\/\/careproduction.fr\/index.php\/historique\/#breadcrumb"},"inLanguage":"en-US","potentialAction":[{"@type":"ReadAction","target":["https:\/\/careproduction.fr\/index.php\/historique\/"]}]},{"@type":"BreadcrumbList","@id":"https:\/\/careproduction.fr\/index.php\/historique\/#breadcrumb","itemListElement":[{"@type":"ListItem","position":1,"name":"Home","item":"https:\/\/careproduction.fr\/"},{"@type":"ListItem","position":2,"name":"Historique"}]}]}},"_links":{"self":[{"href":"https:\/\/careproduction.fr\/index.php\/wp-json\/wp\/v2\/pages\/67"}],"collection":[{"href":"https:\/\/careproduction.fr\/index.php\/wp-json\/wp\/v2\/pages"}],"about":[{"href":"https:\/\/careproduction.fr\/index.php\/wp-json\/wp\/v2\/types\/page"}],"author":[{"embeddable":true,"href":"https:\/\/careproduction.fr\/index.php\/wp-json\/wp\/v2\/users\/1"}],"replies":[{"embeddable":true,"href":"https:\/\/careproduction.fr\/index.php\/wp-json\/wp\/v2\/comments?post=67"}],"version-history":[{"count":17,"href":"https:\/\/careproduction.fr\/index.php\/wp-json\/wp\/v2\/pages\/67\/revisions"}],"predecessor-version":[{"id":534,"href":"https:\/\/careproduction.fr\/index.php\/wp-json\/wp\/v2\/pages\/67\/revisions\/534"}],"wp:attachment":[{"href":"https:\/\/careproduction.fr\/index.php\/wp-json\/wp\/v2\/media?parent=67"}],"curies":[{"name":"wp","href":"https:\/\/api.w.org\/{rel}","templated":true}]}}